{"id":50,"date":"2024-09-21T00:35:56","date_gmt":"2024-09-21T00:35:56","guid":{"rendered":"https:\/\/cuattech.net\/?page_id=50"},"modified":"2024-11-08T15:46:41","modified_gmt":"2024-11-08T15:46:41","slug":"terms-conditions","status":"publish","type":"page","link":"https:\/\/cuattech.net\/es\/terminos-y-condiciones\/","title":{"rendered":"T\u00e9rminos y Condiciones"},"content":{"rendered":"<div data-elementor-type=\"wp-page\" data-elementor-id=\"50\" class=\"elementor elementor-50\" data-elementor-post-type=\"page\">\n\t\t\t\t<div class=\"elementor-element elementor-element-f85804b e-flex e-con-boxed e-con e-parent\" data-id=\"f85804b\" data-element_type=\"container\">\n\t\t\t\t\t<div class=\"e-con-inner\">\n\t\t\t\t<div class=\"elementor-element elementor-element-55b2988 elementor-widget elementor-widget-heading\" data-id=\"55b2988\" data-element_type=\"widget\" data-widget_type=\"heading.default\">\n\t\t\t\t<div class=\"elementor-widget-container\">\n\t\t\t\t\t<h1 class=\"elementor-heading-title elementor-size-default\">\nT\u00e9rminos y Condiciones\n<\/h1>\t\t\t\t<\/div>\n\t\t\t\t<\/div>\n\t\t\t\t<div class=\"elementor-element elementor-element-22096f7 elementor-widget elementor-widget-text-editor\" data-id=\"22096f7\" data-element_type=\"widget\" data-widget_type=\"text-editor.default\">\n\t\t\t\t<div class=\"elementor-widget-container\">\n\t\t\t\t\t\t\t\t\t<p>1. DEFINICIONES<\/p><p>1.1 Esta empresa inform\u00e1tica se denominar\u00e1 en lo sucesivo \u00abCUATRO TECHNOLOGY\u00bb.<\/p><p>1.2 Estas Condiciones de contrataci\u00f3n son las Condiciones de contrataci\u00f3n a las que se hace referencia en la Propuesta, el Contrato o cualquier otro documento (este \u00abAcuerdo\u00bb) firmado, reconocido y acordado por el Cliente.<\/p><p>2. INFORMACI\u00d3N CONFIDENCIAL<\/p><p>2.1 Ambas Partes se comprometen a no divulgar en ning\u00fan momento la informaci\u00f3n confidencial que llegue a conocimiento de cualquiera de las Partes como consecuencia del presente Acuerdo, a menos que as\u00ed lo exija la ley, un tribunal competente o un organismo regulador oficial, siempre que la Parte obligada a divulgar dicha informaci\u00f3n notifique a la otra Parte lo antes posible la divulgaci\u00f3n prevista.<\/p><p>3. DURACI\u00d3N DEL ACUERDO<\/p><p>3.1 El nombramiento de CUATRO TECHNOLOGY comenzar\u00e1 a partir de la fecha de recepci\u00f3n del pedido por parte de CUATRO TECHNOLOGY. En el caso de que este Acuerdo sea para un proyecto de plazo fijo o precio fijo, entonces el acuerdo terminar\u00e1 cuando CUATRO TECHNOLOGY haya completado los Servicios. En el caso de que este Acuerdo sea para un Servicio continuo, entonces al comienzo de cada a\u00f1o fiscal los honorarios acordados para los Servicios ser\u00e1n autom\u00e1ticamente revisados en alineaci\u00f3n con cualquier cambio emitido en las Tarifas del Paquete est\u00e1ndar de CUATRO TECHNOLOGY, como se menciona en 4.3 a continuaci\u00f3n y como se circula a todos los clientes como y cuando se modifique.<\/p><p>3.2 En caso de incumplimiento por parte del Cliente de cualquiera de sus obligaciones en virtud del presente Contrato, o cuando se produzca cualquier circunstancia fuera del control de CUATRO TECHNOLOGY que impida la realizaci\u00f3n de los Servicios por parte de CUATRO TECHNOLOGY, CUATRO TECHNOLOGY podr\u00e1, mediante notificaci\u00f3n por escrito al Cliente con una antelaci\u00f3n m\u00ednima de 7 d\u00edas, resolver el presente Contrato. Queda acordado que la falta de pago o el retraso injustificado en el pago de los honorarios acordados dar\u00e1 derecho a CUATRO TECHNOLOGY a resolver el presente contrato.<\/p><p>3.3 En caso de incumplimiento por parte de CUATRO TECHNOLOGY de cualquiera de sus obligaciones derivadas del presente Contrato, o en caso de que se produzca cualquier circunstancia ajena al control del Cliente que impida al Cliente progresar o completar el Proyecto, el Cliente podr\u00e1 rescindir el presente Contrato.<\/p><p>3.4 Cualquier rescisi\u00f3n del presente Acuerdo no perjudicar\u00e1 ni afectar\u00e1 a los derechos o reclamaciones devengados de cualquiera de las partes del presente Acuerdo.<\/p><p>4. SERVICIOS<\/p><p>4.1 Los Servicios a prestar por CUATRO TECHNOLOGY en virtud del presente Acuerdo ser\u00e1n los descritos en la Propuesta, Contrato u otros documentos firmados por el Cliente y CUATRO TECHNOLOGY.<\/p><p>5. CUIDADO Y DILIGENCIA<\/p><p>5.1 CUATRO TECHNOLOGY ejercer\u00e1 habilidades, cuidado y diligencia razonables en la ejecuci\u00f3n de los servicios.<\/p><p>6. ALTERACI\u00d3N O MODIFICACI\u00d3N DE LOS SERVICIOS<\/p><p>6. 1 Si, en cualquier momento despu\u00e9s del inicio de la designaci\u00f3n de CUATRO TECHNOLOGY, cualquiera de los Servicios, ya sea completado por CUATRO TECHNOLOGY o en curso, requiere ser modificado o revisado en virtud de instrucciones claras y por escrito del Cliente o en su nombre, o por circunstancias que razonablemente no pudieran haber sido previstas por CUATRO TECHNOLOGY, entonces el Cliente deber\u00e1 hacer el pago adicional a CUATRO TECHNOLOGY para realizar las modificaciones o revisiones necesarias seg\u00fan se acuerde entre CUATRO TECHNOLOGY y el Cliente, antes de que se lleve a cabo dicho trabajo adicional.<\/p><p>6.2 Todos los Servicios a prestar por CUATRO TECHNOLOGY, que no est\u00e9n especificados en el presente Contrato, se abonar\u00e1n seg\u00fan las tarifas horarias detalladas en el Calendario de Pagos, salvo que las Partes acuerden otra cosa por escrito. Los t\u00e9rminos y condiciones de este Contrato se aplicar\u00e1n a dichos servicios adicionales en ausencia de cualquier otro acuerdo.<\/p><p>6.3 Las tarifas horarias mencionadas anteriormente (y que figuran en los anexos del presente Contrato) se revisar\u00e1n anualmente al inicio del ejercicio financiero (1 de abril). Si dichas tarifas se modifican de alg\u00fan modo, se aplicar\u00e1n autom\u00e1ticamente al presente contrato a partir del inicio del ejercicio financiero.<\/p><p>7. INFORMACI\u00d3N E INSTRUCCIONES PARA EL CLIENTE<\/p><p>7.1 El Cliente facilitar\u00e1 a CUATRO TECHNOLOGY, sin cargo alguno y en un plazo razonable que no cause retrasos o interrupciones a CUATRO TECHNOLOGY en la prestaci\u00f3n de los Servicios, todos los datos e informaci\u00f3n necesarios y pertinentes para la prestaci\u00f3n de los Servicios.<\/p><p>8. LEY APLICABLE Y RESOLUCI\u00d3N DE LITIGIOS<\/p><p>8.1 El presente Contrato vincular\u00e1 y redundar\u00e1 en beneficio de las Partes del mismo y de sus sucesores y cesionarios. El presente Contrato se interpretar\u00e1 y regir\u00e1 por las leyes de HONG KONG, sin referencia a los principios de conflicto de leyes.<\/p><p>9. PROPIEDAD INTELECTUAL<\/p><p>9.1 CUATRO TECHNOLOGY retains the intellectual property rights to the Software, Trademark and any other intellectual property used and\/or developed in the performance of Services to the Client. Subject to terms and conditions separately agreed upon by the Parties in writing, CUATRO TECHNOLOGY may grant the Client a limited right to use the Software (\u201cDevelopment License\u201d). The Client is under no circumstance entitled to obtain the program (source) code to Software.<\/p><p>9.2 Cualquier licencia para que el Cliente utilice la propiedad intelectual de CUATRO TECHNOLOGY se especificar\u00e1 expresamente en los documentos constitutivos de este Acuerdo.<\/p><p>9.3 CUATRO TECHNOLOGY se reserva el derecho de hacer uso de los productos terminados y publicados en su marketing, incluyendo, pero no limitado a, la promoci\u00f3n en sitios web operados por CUATRO TECHNOLOGY, Facebook, Twitter y otras plataformas de medios sociales, as\u00ed como en medios impresos.<\/p><p>10. PAGO<\/p><p>10.1 El Cliente efectuar\u00e1 el pago de los Servicios en los plazos acordados. Dichos plazos no constituir\u00e1n m\u00e1s que pagos a cuenta.<\/p><p>10.2 Si alg\u00fan concepto o parte de un concepto de una factura emitida por CUATRO TECHNOLOGY es impugnado o cuestionado por el Cliente, no se retendr\u00e1 el pago por el Cliente del resto de dicho concepto. CUATRO TECHNOLOGY se reserva el derecho de suspender la prestaci\u00f3n de los Servicios hasta el momento en que se haya acordado o determinado el concepto objeto de disputa o cuestionamiento.<\/p><p>10.3 Las tarifas de alojamiento se pagan en su totalidad por adelantado durante el periodo de alojamiento. Los honorarios de alojamiento no son reembolsables si el cliente termina el alojamiento dentro del per\u00edodo pagado. CUATRO TECHNOLOGY se reserva el derecho de rescindir cualquier contrato de alojamiento que no haya sido pagado, notificando al cliente con 7 d\u00edas de antelaci\u00f3n. La terminaci\u00f3n del alojamiento se producir\u00e1 a menos que el pago se reciba dentro del per\u00edodo de 7 d\u00edas. Las tasas de restablecimiento se cobran por adelantado si se solicita el restablecimiento del alojamiento una vez que se ha producido la terminaci\u00f3n.<\/p><p>10.4 CUATRO TECHNOLOGY se reserva el derecho de rescindir cualquier servicio de hosting prestado como parte de sus servicios a un cliente en caso de que cualquier factura, incluso por servicios no relacionados, permanezca pendiente durante m\u00e1s de 90 d\u00edas.<\/p><p>11. IMPUESTOS, TASAS Y OTROS GRAV\u00c1MENES<\/p><p>11.1 Los importes especificados en el Calendario de Pagos no incluyen los impuestos, derechos y cargas que puedan ser exigidos por ley. El Cliente ser\u00e1 responsable de todos esos impuestos, derechos y cargas de los que sea responsable como consecuencia del presente Acuerdo o de cualquier pago a CUATRO TECHNOLOGY.<\/p><p>12. MANTENIMIENTO WEB<\/p><p>12.1 Las horas especificadas en el contrato o acordadas de otro modo pueden acumularse sobre una base m\u00f3vil de tres meses. Transcurridos tres meses, las horas no utilizadas se perder\u00e1n.<\/p><p>12.2 Las horas especificadas en el contrato o acordadas de otro modo se cotizan de acuerdo con la lista de precios vigente de CUATRO TECHNOLOGY y pueden ser ajustadas por CUATRO TECHNOLOGY con un preaviso de un mes.<\/p><p>12.3 No se efectuar\u00e1 ning\u00fan reembolso, descuento o rebaja por las horas no utilizadas.<\/p><p>13. LIMITACI\u00d3N DE RESPONSABILIDAD E INDEMNIZACI\u00d3N<\/p><p>13.1 El Cliente se compromete a indemnizar y mantener indemne a CUATRO TECHNOLOGY y a todos sus funcionarios, empleados, contratistas y agentes contra cualquier p\u00e9rdida, costo, da\u00f1o o gasto que cualquiera de ellos pueda sufrir o incurrir por raz\u00f3n de CUATRO TECHNOLOGY haber celebrado el presente Acuerdo o la prestaci\u00f3n de los Servicios en virtud del mismo. Ni CUATRO TECHNOLOGY ni sus directivos, empleados, contratistas o agentes ser\u00e1n responsables ante el Cliente o ante cualquier otra persona por cualquier acto u omisi\u00f3n, ya sea negligente, doloso o de otro tipo.<\/p><p>13.3 Tanto CUATRO TECHNOLOGY como el Cliente reconocen que las disposiciones de esta Cl\u00e1usula son razonables y que, de no haberse incluido en la misma, CUATRO TECHNOLOGY no habr\u00eda celebrado el presente Contrato.<\/p>\t\t\t\t\t\t\t\t<\/div>\n\t\t\t\t<\/div>\n\t\t\t\t<div class=\"elementor-element elementor-element-5004b2e elementor-icon-list--layout-traditional elementor-list-item-link-full_width elementor-widget elementor-widget-icon-list\" data-id=\"5004b2e\" data-element_type=\"widget\" data-widget_type=\"icon-list.default\">\n\t\t\t\t<div class=\"elementor-widget-container\">\n\t\t\t\t\t\t\t<ul class=\"elementor-icon-list-items\">\n\t\t\t\t\t\t\t<li class=\"elementor-icon-list-item\">\n\t\t\t\t\t\t\t\t\t\t\t<span class=\"elementor-icon-list-icon\">\n\t\t\t\t\t\t\t<svg aria-hidden=\"true\" class=\"e-font-icon-svg e-fas-phone-alt\" viewbox=\"0 0 512 512\" xmlns=\"http:\/\/www.w3.org\/2000\/svg\"><path d=\"M497.39 361.8l-112-48a24 24 0 0 0-28 6.9l-49.6 60.6A370.66 370.66 0 0 1 130.6 204.11l60.6-49.6a23.94 23.94 0 0 0 6.9-28l-48-112A24.16 24.16 0 0 0 122.6.61l-104 24A24 24 0 0 0 0 48c0 256.5 207.9 464 464 464a24 24 0 0 0 23.4-18.6l24-104a24.29 24.29 0 0 0-14.01-27.6z\"><\/path><\/svg>\t\t\t\t\t\t<\/span>\n\t\t\t\t\t\t\t\t\t\t<span class=\"elementor-icon-list-text\">+852 9546 5754<\/span>\n\t\t\t\t\t\t\t\t\t<\/li>\n\t\t\t\t\t\t\t\t<li class=\"elementor-icon-list-item\">\n\t\t\t\t\t\t\t\t\t\t\t<span class=\"elementor-icon-list-icon\">\n\t\t\t\t\t\t\t<svg aria-hidden=\"true\" class=\"e-font-icon-svg e-fas-envelope\" viewbox=\"0 0 512 512\" xmlns=\"http:\/\/www.w3.org\/2000\/svg\"><path d=\"M502.3 190.8c3.9-3.1 9.7-.2 9.7 4.7V400c0 26.5-21.5 48-48 48H48c-26.5 0-48-21.5-48-48V195.6c0-5 5.7-7.8 9.7-4.7 22.4 17.4 52.1 39.5 154.1 113.6 21.1 15.4 56.7 47.8 92.2 47.6 35.7.3 72-32.8 92.3-47.6 102-74.1 131.6-96.3 154-113.7zM256 320c23.2.4 56.6-29.2 73.4-41.4 132.7-96.3 142.8-104.7 173.4-128.7 5.8-4.5 9.2-11.5 9.2-18.9v-19c0-26.5-21.5-48-48-48H48C21.5 64 0 85.5 0 112v19c0 7.4 3.4 14.3 9.2 18.9 30.6 23.9 40.7 32.4 173.4 128.7 16.8 12.2 50.2 41.8 73.4 41.4z\"><\/path><\/svg>\t\t\t\t\t\t<\/span>\n\t\t\t\t\t\t\t\t\t\t<span class=\"elementor-icon-list-text\">info@cuattech.net<\/span>\n\t\t\t\t\t\t\t\t\t<\/li>\n\t\t\t\t\t\t\t\t<li class=\"elementor-icon-list-item\">\n\t\t\t\t\t\t\t\t\t\t\t<span class=\"elementor-icon-list-icon\">\n\t\t\t\t\t\t\t<svg aria-hidden=\"true\" class=\"e-font-icon-svg e-fas-map-marker-alt\" viewbox=\"0 0 384 512\" xmlns=\"http:\/\/www.w3.org\/2000\/svg\"><path d=\"M172.268 501.67C26.97 291.031 0 269.413 0 192 0 85.961 85.961 0 192 0s192 85.961 192 192c0 77.413-26.97 99.031-172.268 309.67-9.535 13.774-29.93 13.773-39.464 0zM192 272c44.183 0 80-35.817 80-80s-35.817-80-80-80-80 35.817-80 80 35.817 80 80 80z\"><\/path><\/svg>\t\t\t\t\t\t<\/span>\n\t\t\t\t\t\t\t\t\t\t<span class=\"elementor-icon-list-text\">Unit B11, 9\/F, Billion Plaza 2, 10 Cheung Yue Street, Cheung Sha Wan, Hong Kong<\/span>\n\t\t\t\t\t\t\t\t\t<\/li>\n\t\t\t\t\t\t<\/ul>\n\t\t\t\t\t\t<\/div>\n\t\t\t\t<\/div>\n\t\t\t\t\t<\/div>\n\t\t\t\t<\/div>\n\t\t\t\t<\/div>","protected":false},"excerpt":{"rendered":"<p>Terms and Conditions 1. DEFINITIONS 1.1 This I.T. Company is hereinafter referred to as \u2018CUATRO TECHNOLOGY\u2019. 1.2 These Terms of Engagement are the Terms of Engagement referred to in, the Proposal, Contract or any other documents (this \u201cAgreement\u201d) signed, acknowledged and agreed by the Client. 2. CONFIDENTIAL INFORMATION 2.1 Both Parties agree not to disclose [&hellip;]<\/p>","protected":false},"author":3,"featured_media":0,"parent":0,"menu_order":0,"comment_status":"closed","ping_status":"closed","template":"","meta":{"footnotes":""},"class_list":["post-50","page","type-page","status-publish","hentry"],"_links":{"self":[{"href":"https:\/\/cuattech.net\/es\/wp-json\/wp\/v2\/pages\/50","targetHints":{"allow":["GET"]}}],"collection":[{"href":"https:\/\/cuattech.net\/es\/wp-json\/wp\/v2\/pages"}],"about":[{"href":"https:\/\/cuattech.net\/es\/wp-json\/wp\/v2\/types\/page"}],"author":[{"embeddable":true,"href":"https:\/\/cuattech.net\/es\/wp-json\/wp\/v2\/users\/3"}],"replies":[{"embeddable":true,"href":"https:\/\/cuattech.net\/es\/wp-json\/wp\/v2\/comments?post=50"}],"version-history":[{"count":13,"href":"https:\/\/cuattech.net\/es\/wp-json\/wp\/v2\/pages\/50\/revisions"}],"predecessor-version":[{"id":231,"href":"https:\/\/cuattech.net\/es\/wp-json\/wp\/v2\/pages\/50\/revisions\/231"}],"wp:attachment":[{"href":"https:\/\/cuattech.net\/es\/wp-json\/wp\/v2\/media?parent=50"}],"curies":[{"name":"wp","href":"https:\/\/api.w.org\/{rel}","templated":true}]}}