{"id":3,"date":"2023-06-28T15:31:46","date_gmt":"2023-06-28T15:31:46","guid":{"rendered":"https:\/\/cuattech.net\/?page_id=3"},"modified":"2024-11-08T16:37:22","modified_gmt":"2024-11-08T16:37:22","slug":"privacy-policy","status":"publish","type":"page","link":"https:\/\/cuattech.net\/es\/politica-de-privacidad\/","title":{"rendered":"Pol\u00edtica de Privacidad"},"content":{"rendered":"<div data-elementor-type=\"wp-page\" data-elementor-id=\"3\" class=\"elementor elementor-3\" data-elementor-post-type=\"page\">\n\t\t\t\t<div class=\"elementor-element elementor-element-f007756 e-flex e-con-boxed e-con e-parent\" data-id=\"f007756\" data-element_type=\"container\">\n\t\t\t\t\t<div class=\"e-con-inner\">\n\t\t\t\t<div class=\"elementor-element elementor-element-794bf04 elementor-widget elementor-widget-heading\" data-id=\"794bf04\" data-element_type=\"widget\" data-widget_type=\"heading.default\">\n\t\t\t\t<div class=\"elementor-widget-container\">\n\t\t\t\t\t<h1 class=\"elementor-heading-title elementor-size-default\">\nPol\u00edtica de Privacidad\n\n<\/h1>\t\t\t\t<\/div>\n\t\t\t\t<\/div>\n\t\t\t\t<div class=\"elementor-element elementor-element-d8edde3 elementor-widget elementor-widget-text-editor\" data-id=\"d8edde3\" data-element_type=\"widget\" data-widget_type=\"text-editor.default\">\n\t\t\t\t<div class=\"elementor-widget-container\">\n\t\t\t\t\t\t\t\t\t<p>Este sitio web es propiedad y est\u00e1 gestionado por CUATRO TECHNOLOGY (\u00abnosotros\u00bb, \u00abnos\u00bb, \u00abnuestro\u00bb y \u00abnosotros mismos\u00bb) que opera como CUATRO TECHNOLOGY, el responsable del tratamiento de datos es CUATRO TECHNOLOGY. CUATRO TECHNOLOGY se compromete a proteger la privacidad y seguridad de sus datos personales.<\/p><p>Esta Pol\u00edtica de Privacidad describe c\u00f3mo recogemos, utilizamos y cuidamos sus datos personales cuando visita nuestro sitio web (independientemente de d\u00f3nde lo haga), incluso cuando compra un producto o servicio o se suscribe a nuestro bolet\u00edn de noticias. Tambi\u00e9n le informa de sus derechos y de c\u00f3mo le protege la ley.<\/p><p>Informaci\u00f3n importante<\/p><p>Nuestro sitio web no est\u00e1 destinado a los ni\u00f1os y no recopilamos conscientemente datos relacionados con ellos.<\/p><p>Esta Pol\u00edtica de Privacidad complementa las dem\u00e1s pol\u00edticas (incluidas nuestras condiciones de uso) y no pretende anularlas.<\/p><p>CUATRO TECHNOLOGY es el controlador y responsable de sus datos personales (nosotros o nuestro).<\/p><p>Para ayudarle a entender mejor esta Pol\u00edtica de Privacidad, hemos establecido un glosario de t\u00e9rminos utilizados, ejemplos de los tipos de datos personales que recogemos, c\u00f3mo los utilizamos, la base legal para procesar dichos datos y m\u00e1s detalles sobre sus derechos.<\/p><p>Hemos nombrado a un responsable de privacidad de datos. Si tiene alguna pregunta sobre esta pol\u00edtica de privacidad, incluida cualquier solicitud para ejercer sus derechos legales, p\u00f3ngase en contacto con nosotros por escrito mediante cualquiera de las dos v\u00edas siguientes:<\/p><p>por correo electr\u00f3nico a: info@cuattech.net<\/p><p>por correo postal a Unit B11, 9\/F, Billion Plaza 2, 10 Cheung Yue Street, Cheung Sha Wan, Hong Kong<\/p><p>Su obligaci\u00f3n de informarnos de los cambios Es importante que los datos que tenemos sobre usted sean exactos y est\u00e9n actualizados, por lo que le rogamos que nos mantenga informados de cualquier modificaci\u00f3n de sus datos personales.<\/p><p>Enlaces de terceros: Nuestro sitio web puede incluir enlaces a sitios web, plugins y aplicaciones de terceros. Al hacer clic en estos enlaces o habilitar las conexiones, puede permitir que terceros recopilen o compartan sus datos personales. No tenemos control sobre estos sitios web, plugins o aplicaciones de terceros y no somos responsables de sus pol\u00edticas de privacidad, por lo que tambi\u00e9n debe leer sus pol\u00edticas de privacidad para comprender qu\u00e9 datos personales recopilan sobre usted y c\u00f3mo los utilizan.<\/p><p>Los datos que recopilamos sobre usted.<\/p><p>Podemos recoger, utilizar, almacenar y transferir los tipos de datos personales sobre usted.<\/p><p>Tambi\u00e9n recopilamos, utilizamos y compartimos datos agregados. Sin embargo, si combinamos datos agregados con sus datos personales de modo que puedan identificarle directa o indirectamente, los tratamos como sus datos personales.<\/p><p>No recogemos categor\u00edas especiales de datos personales.<\/p><p>No facilitar datos personales: Si estamos obligados por ley, o en virtud de los t\u00e9rminos de un contrato que tenemos con usted, a recopilar sus datos personales y usted no los proporciona, es posible que no podamos celebrar el contrato con usted y que tengamos que cancelar un producto o servicio. Se lo notificaremos en el momento oportuno.<\/p><p>C\u00f3mo utilizamos sus datos personales<\/p><p>S\u00f3lo utilizaremos sus datos personales cuando la ley nos lo permita. Lo m\u00e1s habitual es que utilicemos sus datos personales:<\/p><p>Para ejecutar el contrato que vamos a celebrar o que hemos celebrado con usted;<\/p><p>Para cumplir una obligaci\u00f3n legal; y cuando sea necesario para llevar a cabo nuestros intereses leg\u00edtimos (o los de un tercero) y sus intereses y derechos fundamentales no prevalezcan sobre dichos intereses.<\/p><p>Por lo general, s\u00f3lo nos basamos en el consentimiento como fundamento jur\u00eddico para procesar sus datos personales para enviar comunicaciones de marketing por correo electr\u00f3nico y SMS, y usted tiene derecho a retirar su consentimiento en cualquier momento poni\u00e9ndose en contacto con nosotros. Tenga en cuenta que podemos tratar sus datos personales por m\u00e1s de un motivo legal, en funci\u00f3n de la finalidad espec\u00edfica para la que utilicemos su informaci\u00f3n.<\/p><p>Marketing: podemos analizar sus datos personales para formarnos una opini\u00f3n sobre qu\u00e9 productos o servicios creemos que pueden interesarle. Solo recibir\u00e1 comunicaciones de marketing de nuestra parte si nos ha solicitado informaci\u00f3n o nos ha comprado servicios, si da su consentimiento para el marketing en el momento en que recopilamos sus datos personales y posteriormente no ha optado por no recibirlo ni ha retirado su consentimiento, o si tenemos otra base para enviarle comunicaciones de marketing.<\/p><p>Obtendremos su consentimiento expreso antes de compartir su informaci\u00f3n personal con terceros con fines de marketing. No vendemos listas, no aceptamos publicidad ni generamos ingresos de terceros a partir de la informaci\u00f3n generada en este sitio web.<\/p><p>C\u00f3mo darse de baja: Puede darse de baja del marketing por correo electr\u00f3nico haciendo clic en el bot\u00f3n de cancelaci\u00f3n de la suscripci\u00f3n dentro del correo electr\u00f3nico de marketing concreto. Tambi\u00e9n puede retirar su consentimiento en cualquier momento poni\u00e9ndose en contacto con nosotros.<\/p><p>Aunque decida no recibir publicidad, podremos utilizar sus datos personales para otros fines siempre que tengamos una base jur\u00eddica para hacerlo.<\/p><p>Cambio de finalidad: s\u00f3lo utilizaremos sus datos personales para la finalidad para la que los recopilamos originalmente, a menos que consideremos razonablemente que necesitamos utilizarlos para otra finalidad y dicha finalidad sea compatible con la finalidad original.<\/p><p>Si necesitamos utilizar sus datos personales para un fin no relacionado, se lo notificaremos y le explicaremos la base jur\u00eddica que nos permite utilizar sus datos personales de este modo.<\/p><p>Podemos tratar sus datos personales (sin su conocimiento o consentimiento) cuando as\u00ed lo exija o permita la ley.<\/p><p>Divulgaci\u00f3n de sus datos personales<\/p><p>Es posible que tengamos que compartir sus datos personales con terceros. Exigimos a todos los terceros que respeten la seguridad de sus datos personales y los traten de acuerdo con la ley. No permitimos que nuestros proveedores de servicios externos utilicen sus datos personales para sus propios fines. S\u00f3lo pueden tratar sus datos personales para fines espec\u00edficos y de acuerdo con nuestras instrucciones.<\/p><p>Seguridad de los datos<\/p><p>La seguridad de su informaci\u00f3n personal es importante para nosotros. Sin embargo, tenga en cuenta que ning\u00fan sistema de seguridad est\u00e1 garantizado al 100%. Aunque nos esforzamos por proteger su informaci\u00f3n personal, CUATRO TECHNOLOGY no puede garantizar ni asegurar la seguridad de nuestros servidores, ni tampoco que la informaci\u00f3n que nos facilite a trav\u00e9s de este sitio web no ser\u00e1 interceptada mientras se transmite por Internet. Seguimos las normas generalmente aceptadas en la industria para proteger la informaci\u00f3n personal que se nos env\u00eda, tanto durante la transmisi\u00f3n como una vez que la recibimos.<\/p><p>Hemos implantado medidas de seguridad adecuadas para evitar que sus datos personales se pierdan accidentalmente, se utilicen o se acceda a ellos de forma no autorizada, se alteren o se divulguen. Tambi\u00e9n limitamos el acceso a sus datos personales a aquellos empleados, agentes, contratistas y otros terceros que tengan una necesidad comercial de conocerlos y solo puedan tratar sus datos personales siguiendo nuestras instrucciones y estar\u00e1n sujetos a un deber de confidencialidad.<\/p><p>Disponemos de procedimientos para hacer frente a cualquier sospecha de violaci\u00f3n de datos personales y le notificaremos a usted y a cualquier regulador aplicable una violaci\u00f3n cuando estemos legalmente obligados a hacerlo.<\/p><p>Conservaci\u00f3n de datos<\/p><p>S\u00f3lo conservaremos sus datos personales durante el tiempo necesario para cumplir los fines para los que los recogimos, incluido el cumplimiento de requisitos legales, contables o de informaci\u00f3n.<\/p><p>Los detalles de los periodos de conservaci\u00f3n de los distintos aspectos de sus datos personales est\u00e1n disponibles en nuestra pol\u00edtica de conservaci\u00f3n, que puede solicitarnos. No obstante, estamos legalmente obligados a conservar la informaci\u00f3n b\u00e1sica sobre nuestros clientes (incluidos los datos de contacto, identidad, financieros y de transacciones) despu\u00e9s de que dejen de ser clientes, por motivos fiscales.<\/p><p>Tambi\u00e9n podemos anonimizar sus datos personales (de modo que ya no puedan asociarse a usted) con fines de investigaci\u00f3n o estad\u00edsticos. Podemos utilizar la informaci\u00f3n anonimizada indefinidamente sin previo aviso.<\/p><p>Sus derechos<\/p><p>Usted tiene ciertos derechos en determinadas circunstancias seg\u00fan la ley de protecci\u00f3n de datos.<\/p><p>No tendr\u00e1 que pagar nada por ejercer ninguno de sus derechos. Sin embargo, si su solicitud es claramente infundada, repetitiva o excesiva, podremos cobrarle una tarifa razonable por esta informaci\u00f3n o negarnos a atender su solicitud.<\/p><p>Podemos solicitarle informaci\u00f3n espec\u00edfica que nos ayude a confirmar su identidad cuando se ponga en contacto con nosotros. Se trata de una medida de seguridad para garantizar que los datos personales no se revelen a nadie que no tenga derecho a recibirlos.<\/p><p>Intentamos responder a todas las solicitudes leg\u00edtimas en el plazo de un mes. Ocasionalmente podemos tardar m\u00e1s de un mes si su solicitud es especialmente compleja o si ha realizado una serie de solicitudes. En tal caso, se lo notificaremos y le mantendremos informado.<\/p><p>Cambios en esta pol\u00edtica de privacidad<\/p><p>CUATRO TECHNOLOGY se reserva el derecho a modificar esta Pol\u00edtica de Privacidad cuando as\u00ed lo exija la ley o en cualquier momento que lo consideremos necesario. Publicaremos una notificaci\u00f3n de cualquier cambio en el sitio web, pero le recomendamos que consulte peri\u00f3dicamente esta pol\u00edtica para mantenerse actualizado. En su primera visita al sitio web despu\u00e9s de cualquier cambio, se considerar\u00e1 que ha aceptado los t\u00e9rminos de la pol\u00edtica.<\/p>\t\t\t\t\t\t\t\t<\/div>\n\t\t\t\t<\/div>\n\t\t\t\t\t<\/div>\n\t\t\t\t<\/div>\n\t\t\t\t<\/div>","protected":false},"excerpt":{"rendered":"<p>Privacy Policy This website is owned and operated by CUATRO TECHNOLOGY (\u201cwe\u201d, \u201cus\u201d, \u201cour\u201d and \u201courselves\u201d) trading as CUATRO TECHNOLOGY, the data controller is CUATRO TECHNOLOGY. CUATRO TECHNOLOGY is committed to protecting the privacy and security of your personal data. This Privacy Policy describes how we collect, use and care for your personal data when [&hellip;]<\/p>","protected":false},"author":3,"featured_media":0,"parent":0,"menu_order":0,"comment_status":"closed","ping_status":"closed","template":"","meta":{"footnotes":""},"class_list":["post-3","page","type-page","status-publish","hentry"],"_links":{"self":[{"href":"https:\/\/cuattech.net\/es\/wp-json\/wp\/v2\/pages\/3","targetHints":{"allow":["GET"]}}],"collection":[{"href":"https:\/\/cuattech.net\/es\/wp-json\/wp\/v2\/pages"}],"about":[{"href":"https:\/\/cuattech.net\/es\/wp-json\/wp\/v2\/types\/page"}],"author":[{"embeddable":true,"href":"https:\/\/cuattech.net\/es\/wp-json\/wp\/v2\/users\/3"}],"replies":[{"embeddable":true,"href":"https:\/\/cuattech.net\/es\/wp-json\/wp\/v2\/comments?post=3"}],"version-history":[{"count":13,"href":"https:\/\/cuattech.net\/es\/wp-json\/wp\/v2\/pages\/3\/revisions"}],"predecessor-version":[{"id":236,"href":"https:\/\/cuattech.net\/es\/wp-json\/wp\/v2\/pages\/3\/revisions\/236"}],"wp:attachment":[{"href":"https:\/\/cuattech.net\/es\/wp-json\/wp\/v2\/media?parent=3"}],"curies":[{"name":"wp","href":"https:\/\/api.w.org\/{rel}","templated":true}]}}